{"id":2577,"date":"2015-06-29T09:39:37","date_gmt":"2015-06-29T09:39:37","guid":{"rendered":"http:\/\/cobame.net\/estudi\/"},"modified":"2024-03-06T15:30:50","modified_gmt":"2024-03-06T14:30:50","slug":"estudio","status":"publish","type":"page","link":"http:\/\/cobame.net\/es\/estudio\/","title":{"rendered":"Estudio"},"content":{"rendered":"<p>[vc_row][vc_column][vc_empty_space][\/vc_column][\/vc_row][vc_row][vc_column width=&#8221;1\/3&#8243;][vc_column_text]<\/p>\n<h1>QUI\u00c9NES SOMOS<\/h1>\n<p>[\/vc_column_text][vc_column_text]<\/p>\n<p class=\"p1\"><span class=\"s1\">Somos un estudio de arquitectura y construcci\u00f3n, con m\u00e1s de 30 a\u00f1os de experiencia en el sector, gracias a nuestra capacidad de evolucionar conservando los valores tradicionales.<br \/>\n<\/span>Nuestro equipo est\u00e1 formado arquitectos e ingenieros, adem\u00e1s de un amplio abanico de profesionales con el objetivo de hacer de su proyecto, una realidad.<\/p>\n<p>[\/vc_column_text][\/vc_column][vc_column width=&#8221;1\/3&#8243; el_class=&#8221;mig&#8221;][vc_column_text el_class=&#8221;zero&#8221;]<\/p>\n<h1>COBAME<\/h1>\n<p>[\/vc_column_text][vc_column_text]<\/p>\n<h1 style=\"text-align: center;\"><\/h1>\n<p class=\"big\" style=\"text-align: center;\"><strong>Nuestro objetivo es dise\u00f1ar espacios c\u00e1lidos, atemporales y personales para cada proyecto. <\/strong><\/p>\n<p>[\/vc_column_text][\/vc_column][vc_column width=&#8221;1\/3&#8243;][vc_column_text]<\/p>\n<h1>C\u00d3MO TRABAJAMOS<\/h1>\n<p>[\/vc_column_text][vc_column_text]<\/p>\n<p class=\"p1\"><span class=\"s1\">Somos un equipo integral dedicado a resolver todas las fases de un proyecto, es decir, acompa\u00f1amos des del primer dise\u00f1o hasta la finalizaci\u00f3n de la obra.<br \/>\n<\/span><span class=\"s1\">Especializados en el dise\u00f1o y la construcci\u00f3n a peque\u00f1a escala, donde la importancia reside en los detalles, la funcionalidad y el trato personal.<\/span><\/p>\n<p>[\/vc_column_text][\/vc_column][\/vc_row][vc_row][vc_column width=&#8221;1\/3&#8243;][vc_single_image image=&#8221;2458&#8243; img_size=&#8221;2000&#215;2000&#8243;][\/vc_column][vc_column width=&#8221;1\/3&#8243;][vc_single_image image=&#8221;2292&#8243; img_size=&#8221;2000&#215;2000&#8243;][\/vc_column][vc_column width=&#8221;1\/3&#8243;][vc_single_image image=&#8221;2459&#8243; img_size=&#8221;2000&#215;2000&#8243;][\/vc_column][\/vc_row]<\/p>\n","protected":false},"excerpt":{"rendered":"<p>[vc_row][vc_column][vc_empty_space][\/vc_column][\/vc_row][vc_row][vc_column width=&#8221;1\/3&#8243;][vc_column_text] QUI\u00c9NES SOMOS [\/vc_column_text][vc_column_text] Somos un estudio de arquitectura y construcci\u00f3n, con m\u00e1s de 30 a\u00f1os de experiencia en el sector, gracias a nuestra capacidad<span class=\"excerpt-hellip\"> [\u2026]<\/span><\/p>\n","protected":false},"author":2,"featured_media":0,"parent":0,"menu_order":0,"comment_status":"open","ping_status":"open","template":"","meta":[],"_links":{"self":[{"href":"http:\/\/cobame.net\/es\/wp-json\/wp\/v2\/pages\/2577"}],"collection":[{"href":"http:\/\/cobame.net\/es\/wp-json\/wp\/v2\/pages"}],"about":[{"href":"http:\/\/cobame.net\/es\/wp-json\/wp\/v2\/types\/page"}],"author":[{"embeddable":true,"href":"http:\/\/cobame.net\/es\/wp-json\/wp\/v2\/users\/2"}],"replies":[{"embeddable":true,"href":"http:\/\/cobame.net\/es\/wp-json\/wp\/v2\/comments?post=2577"}],"version-history":[{"count":6,"href":"http:\/\/cobame.net\/es\/wp-json\/wp\/v2\/pages\/2577\/revisions"}],"predecessor-version":[{"id":2911,"href":"http:\/\/cobame.net\/es\/wp-json\/wp\/v2\/pages\/2577\/revisions\/2911"}],"wp:attachment":[{"href":"http:\/\/cobame.net\/es\/wp-json\/wp\/v2\/media?parent=2577"}],"curies":[{"name":"wp","href":"https:\/\/api.w.org\/{rel}","templated":true}]}}