{"id":2585,"date":"2018-08-21T11:20:46","date_gmt":"2018-08-21T11:20:46","guid":{"rendered":"http:\/\/cobame.net\/?page_id=2585"},"modified":"2024-03-06T15:32:45","modified_gmt":"2024-03-06T14:32:45","slug":"servicios","status":"publish","type":"page","link":"http:\/\/cobame.net\/es\/servicios\/","title":{"rendered":"Servicios"},"content":{"rendered":"<p>[vc_row][vc_column][vc_empty_space][vc_column_text]<\/p>\n<p class=\"big\" style=\"text-align: center;\">El trabajo conjunto de los tres departamentos nos permite encontrar el equilibrio entre los aspectos est\u00e9ticos, t\u00e9cnicos y constructivos de cada proyecto.<\/p>\n<p class=\"big\" style=\"text-align: center;\">Nuestros servicios se dividen en: servicios arquitect\u00f3nicos, servicios t\u00e9cnicos y servicios constructivos.<\/p>\n<p>[\/vc_column_text][\/vc_column][\/vc_row][vc_row][vc_column width=&#8221;1\/3&#8243;][vc_single_image image=&#8221;2461&#8243; img_size=&#8221;2000&#215;2000&#8243;][vc_column_text]<\/p>\n<h4 class=\"majuscules\">SERVICIOS ARQUITECT\u00d3NICOS<\/h4>\n<p class=\"p1\"><span class=\"s1\"> El departamento de arquitectura, dise\u00f1o y decoraci\u00f3n se encarga de conocer su proyecto y asesorarle para conseguir un proyecto \u00fanico y personal.<br \/>Entre nuestros servicios ofrecemos:<\/span><\/p>\n<ul class=\"ul1\">\n<li class=\"li1\"><span class=\"s1\">Proyectos de obra nueva.<\/span><\/li>\n<li class=\"li1\"><span class=\"s1\">Proyectos de rehabilitaci\u00f3n y reforma.<\/span><\/li>\n<li class=\"li1\"><span class=\"s1\">Proyectos de cambio de uso.<\/span><\/li>\n<li class=\"li1\"><span class=\"s1\">Proyectos de arquitectura interior y decoraci\u00f3n.<\/span><\/li>\n<\/ul>\n<p>[\/vc_column_text][\/vc_column][vc_column width=&#8221;1\/3&#8243;][vc_single_image image=&#8221;2463&#8243; img_size=&#8221;2000&#215;2000&#8243;][vc_column_text]<\/p>\n<h4 class=\"majuscules\">SERVICIOS T\u00c9CNICOS<\/h4>\n<p class=\"p1\"><span class=\"s1\"> El departamento t\u00e9cnico se encarga de llevar a cabo su proyecto, siendo el nexo de uni\u00f3n entre la fase de dise\u00f1o y la fase de construcci\u00f3n. El trabajo del departamento incluye la gesti\u00f3n y apoyo al cliente, mediante soluciones t\u00e9cnicas tanto en la oficina c\u00f3mo a pie de obra.<br \/><\/span><span class=\"s1\">Entre nuestros servicios ofrecemos<\/span><span class=\"s1\">:<\/span><\/p>\n<ul>\n<li>C\u00e9lulas de habitabilidad.<\/li>\n<li>Certificados energ\u00e9ticos.<\/li>\n<li>Informes y certificados t\u00e9cnicos.<\/li>\n<li>Inspecciones t\u00e9cnicas de edificios.<\/li>\n<li>Direcci\u00f3n de obras y direcci\u00f3n de ejecuci\u00f3n de obras.<\/li>\n<li>Estudios de seguridad y salud.<\/li>\n<li>Asesoramiento en licencias y permisos de obra.<\/li>\n<\/ul>\n<p>[\/vc_column_text][\/vc_column][vc_column width=&#8221;1\/3&#8243;][vc_single_image image=&#8221;2462&#8243; img_size=&#8221;2000&#215;2000&#8243;][vc_column_text]<\/p>\n<h4 class=\"majuscules\">SERVICIOS CONSTRUCTIVOS<\/h4>\n<p class=\"p1\"><span class=\"s1\">El departamento de construcci\u00f3n se encarga de hacer tangible todos los proyectos, de hacer realidad lo proyectado en los planos.<\/span><\/p>\n<p>[\/vc_column_text][\/vc_column][\/vc_row]<\/p>\n","protected":false},"excerpt":{"rendered":"<p>[vc_row][vc_column][vc_empty_space][vc_column_text] El trabajo conjunto de los tres departamentos nos permite encontrar el equilibrio entre los aspectos est\u00e9ticos, t\u00e9cnicos y constructivos de cada proyecto. Nuestros servicios se<span class=\"excerpt-hellip\"> [\u2026]<\/span><\/p>\n","protected":false},"author":2,"featured_media":0,"parent":0,"menu_order":0,"comment_status":"open","ping_status":"open","template":"","meta":[],"_links":{"self":[{"href":"http:\/\/cobame.net\/es\/wp-json\/wp\/v2\/pages\/2585"}],"collection":[{"href":"http:\/\/cobame.net\/es\/wp-json\/wp\/v2\/pages"}],"about":[{"href":"http:\/\/cobame.net\/es\/wp-json\/wp\/v2\/types\/page"}],"author":[{"embeddable":true,"href":"http:\/\/cobame.net\/es\/wp-json\/wp\/v2\/users\/2"}],"replies":[{"embeddable":true,"href":"http:\/\/cobame.net\/es\/wp-json\/wp\/v2\/comments?post=2585"}],"version-history":[{"count":5,"href":"http:\/\/cobame.net\/es\/wp-json\/wp\/v2\/pages\/2585\/revisions"}],"predecessor-version":[{"id":2913,"href":"http:\/\/cobame.net\/es\/wp-json\/wp\/v2\/pages\/2585\/revisions\/2913"}],"wp:attachment":[{"href":"http:\/\/cobame.net\/es\/wp-json\/wp\/v2\/media?parent=2585"}],"curies":[{"name":"wp","href":"https:\/\/api.w.org\/{rel}","templated":true}]}}